{"id":28996,"date":"2022-01-19T11:05:13","date_gmt":"2022-01-19T10:05:13","guid":{"rendered":"https:\/\/franceapi.fr\/?page_id=28996"},"modified":"2025-05-07T08:45:05","modified_gmt":"2025-05-07T06:45:05","slug":"donnees-a-caractere-personnel","status":"publish","type":"page","link":"https:\/\/wp1.franceapi.fr\/index.php\/donnees-a-caractere-personnel\/","title":{"rendered":"Donn\u00e9es \u00e0 caract\u00e8re personnel"},"content":{"rendered":"\t\t<div data-elementor-type=\"wp-page\" data-elementor-id=\"28996\" class=\"elementor elementor-28996\">\n\t\t\t\t\t\t<section class=\"elementor-section elementor-top-section elementor-element elementor-element-3a53eb8 elementor-section-boxed elementor-section-height-default elementor-section-height-default\" data-id=\"3a53eb8\" data-element_type=\"section\" data-e-type=\"section\">\n\t\t\t\t\t\t<div class=\"elementor-container elementor-column-gap-default\">\n\t\t\t\t\t<div class=\"elementor-column elementor-col-100 elementor-top-column elementor-element elementor-element-dd58ecc\" data-id=\"dd58ecc\" data-element_type=\"column\" data-e-type=\"column\">\n\t\t\t<div class=\"elementor-widget-wrap elementor-element-populated\">\n\t\t\t\t\t\t<div class=\"elementor-element elementor-element-bee196b elementor-widget elementor-widget-heading\" data-id=\"bee196b\" data-element_type=\"widget\" data-e-type=\"widget\" data-widget_type=\"heading.default\">\n\t\t\t\t<div class=\"elementor-widget-container\">\n\t\t\t\t\t<h2 class=\"elementor-heading-title elementor-size-large\">Notice d'information sur la gestion de vos donn\u00e9es \u00e0 caract\u00e8re personnel<\/h2>\t\t\t\t<\/div>\n\t\t\t\t<\/div>\n\t\t\t\t\t<\/div>\n\t\t<\/div>\n\t\t\t\t\t<\/div>\n\t\t<\/section>\n\t\t\t\t<section class=\"elementor-section elementor-top-section elementor-element elementor-element-2f0b9c9 elementor-section-boxed elementor-section-height-default elementor-section-height-default\" data-id=\"2f0b9c9\" data-element_type=\"section\" data-e-type=\"section\">\n\t\t\t\t\t\t<div class=\"elementor-container elementor-column-gap-default\">\n\t\t\t\t\t<div class=\"elementor-column elementor-col-33 elementor-top-column elementor-element elementor-element-14fc710\" data-id=\"14fc710\" data-element_type=\"column\" data-e-type=\"column\">\n\t\t\t<div class=\"elementor-widget-wrap elementor-element-populated\">\n\t\t\t\t\t\t<div class=\"elementor-element elementor-element-e68fa17 elementor-widget elementor-widget-image\" data-id=\"e68fa17\" data-element_type=\"widget\" data-e-type=\"widget\" data-widget_type=\"image.default\">\n\t\t\t\t<div class=\"elementor-widget-container\">\n\t\t\t\t\t\t\t\t\t\t\t\t\t\t\t<img decoding=\"async\" data-src=\"https:\/\/wp1.franceapi.fr\/wp-content\/uploads\/elementor\/thumbs\/landscape-bg-1-pi498e9rf3zyc43yvw6txad9cphrx79e6zy83798bs.jpg\" title=\"landscape-bg\" alt=\"landscape-bg\" src=\"data:image\/svg+xml;base64,PHN2ZyB3aWR0aD0iMSIgaGVpZ2h0PSIxIiB4bWxucz0iaHR0cDovL3d3dy53My5vcmcvMjAwMC9zdmciPjwvc3ZnPg==\" class=\"lazyload\" style=\"--smush-placeholder-width: 300px; --smush-placeholder-aspect-ratio: 300\/1700;\" \/>\t\t\t\t\t\t\t\t\t\t\t\t\t\t\t<\/div>\n\t\t\t\t<\/div>\n\t\t\t\t\t<\/div>\n\t\t<\/div>\n\t\t\t\t<div class=\"elementor-column elementor-col-66 elementor-top-column elementor-element elementor-element-c82101e\" data-id=\"c82101e\" data-element_type=\"column\" data-e-type=\"column\">\n\t\t\t<div class=\"elementor-widget-wrap elementor-element-populated\">\n\t\t\t\t\t\t<div class=\"elementor-element elementor-element-90d9509 elementor-widget elementor-widget-text-editor\" data-id=\"90d9509\" data-element_type=\"widget\" data-e-type=\"widget\" data-widget_type=\"text-editor.default\">\n\t\t\t\t<div class=\"elementor-widget-container\">\n\t\t\t\t\t\t\t\t\t<p>France API est un \u00e9v\u00e9nement organis\u00e9 par ACCETAL et le API THINKING sous la responsabilit\u00e9 exclusive de la soci\u00e9t\u00e9 API Thinking.\u00a0<u><\/u><\/p><p><strong><u>Responsable du traitement:<\/u><\/strong><\/p><p><strong>Julien Bichon,<\/strong> soci\u00e9t\u00e9 <strong data-start=\"351\" data-end=\"377\">API Thinking<\/strong><br data-start=\"377\" data-end=\"380\" \/>Site web : https:\/\/www.franceapi.fr<br data-start=\"471\" data-end=\"474\" \/>Email de contact : <a class=\"cursor-pointer\" rel=\"noopener\">contact@franceapi.fr\u00a0<\/a><br data-start=\"546\" data-end=\"549\" \/>Adresse : 4 chemin de la haute bruy\u00e8re, 44290 Gu\u00e9men\u00e9-Penfao<\/p><p><strong><u>Destinataires des donn\u00e9es\u00a0lors de votre inscription :<\/u><\/strong><\/p><ul><li>API THINKING : <a href=\"https:\/\/www.collectif-api-thinking.com\/privacy-policy\/\">https:\/\/www.collectif-api-thinking.com\/privacy-policy\/<\/a><\/li><li>ACCETAL\u00a0: <a href=\"https:\/\/accetal.fr\/politique-de-confidentialite\/\">https:\/\/accetal.fr\/politique-de-confidentialite\/<\/a><\/li><\/ul><p>Les liens mentionn\u00e9s vous permettent d\u2019acc\u00e9der aux Politiques de confidentialit\u00e9 respectives.<\/p><p>Par d\u00e9faut, les donn\u00e9es ne sont pas partag\u00e9es aux sponsors, intervenants et partenaires de l\u2019\u00e9v\u00e8nement France API sauf avec votre consentement explicite.\u00a0<\/p><p><strong><u>Objet du traitement\u00a0: finalit\u00e9 et base l\u00e9gale<\/u><\/strong><\/p><p>API THINKING, en tant que responsable du traitement, collecte les donn\u00e9es recueillies dans le formulaire d\u2019inscription pour g\u00e9rer la nouvelle \u00e9dition de l&#8217;\u00e9v\u00e8nement France API qu\u2019elles organisent.<\/p><p>Ce fichier permet de\u00a0:<\/p><ul><li>G\u00e9rer votre participation \u00e0 l\u2019\u00e9v\u00e8nement propos\u00e9\u00a0: la base l\u00e9gale du traitement est l\u2019ex\u00e9cution d\u2019un contrat.<\/li><li>Si vous le souhaitez, faire partie du r\u00e9seau d\u00e9di\u00e9 aux APIs et recevoir d\u2019autres invitations ou publications cibl\u00e9es par mail\u00a0: la base l\u00e9gale du traitement est l\u2019int\u00e9r\u00eat l\u00e9gitime de la soci\u00e9t\u00e9 par la promotion de nos \u00e9v\u00e8nements. Dans ce cadre, vos donn\u00e9es sont analys\u00e9es pour nous permettre de personnaliser nos services et les am\u00e9liorer.<\/li><li>Si vous le souhaitez, transmettre les donn\u00e9es collect\u00e9es \u00e0 nos partenaires commerciaux pour recevoir leurs invitations ou publications cibl\u00e9es par courriel\u00a0: la base l\u00e9gale du traitement est le consentement.<\/li><\/ul><p><strong><u>Les donn\u00e9es collect\u00e9es\u00a0:<\/u><\/strong><\/p><p>Les donn\u00e9es collect\u00e9es sont celles figurant sur le formulaire d\u2019inscription, \u00e0 savoir\u00a0: email, num\u00e9ro de t\u00e9l\u00e9phone, nom, pr\u00e9nom, profession, entreprise.<\/p><p>Celles marqu\u00e9es par un ast\u00e9risque doivent obligatoirement \u00eatre fournies. Dans le cas contraire, vous ne pourrez pas vous inscrire et participer \u00e0 l\u2019\u00e9v\u00e8nement.<\/p><p><strong>En participant \u00e0 une \u00e9dition France API, vous consentez express\u00e9ment \u00e0 \u00eatre photographi\u00e9, film\u00e9 ou enregistr\u00e9 dans le cadre de l&#8217;\u00e9v\u00e9nement<\/strong>. Ces prises de vue pourront \u00eatre utilis\u00e9es \u00e0 des fins de communication et de promotion de l&#8217;\u00e9v\u00e9nement, sur tout support m\u00e9diatique, y compris, mais sans s&#8217;y limiter, les sites web, les r\u00e9seaux sociaux, les brochures et les publications diverses au nom de France API ou d&#8217;un partenaire de l&#8217;\u00e9v\u00e9nement de l&#8217;\u00e9dition.<\/p><p><strong><u>Dur\u00e9e de conservation des donn\u00e9es<\/u><\/strong><\/p><p>Les donn\u00e9es sont conserv\u00e9es le temps n\u00e9cessaire \u00e0 l\u2019accomplissement de l\u2019objectif poursuivi par le traitement et, si vous ne r\u00e9pondez \u00e0 aucune autre de nos invitations, dans un d\u00e9lai de 5 ans.<\/p><p><strong><u>Vos droits<\/u><\/strong><\/p><p>Si vous ne souhaitez plus recevoir d\u2019invitations ou de publications de la part de France API (exercice du droit d\u2019opposition ou retrait du consentement d\u00e9j\u00e0 donn\u00e9), contactez-nous par mail <a href=\"mailto:contact@franceapi.fr\">contact@franceapi.fr<\/a>.<\/p><p>Si, apr\u00e8s avoir consenti \u00e0 ce que vos donn\u00e9es soient transmises \u00e0 nos partenaires, vous souhaitez revenir sur ce choix et ne plus recevoir de sollicitations de leur part, contactez-nous par mail\u00a0<a style=\"color: #fa0368; outline-width: 0px;\" href=\"mailto:contact@franceapi.fr\">contact@franceapi.fr<\/a>.<\/p><p>Vous pouvez acc\u00e9der aux donn\u00e9es vous concernant, les rectifier ou les faire effacer. Vous disposez \u00e9galement d\u2019un droit \u00e0 la portabilit\u00e9 et d\u2019un droit de limitation du traitement de vos donn\u00e9es.<\/p><p>Pour exercer ces droits ou pour toute question sur le traitement de vos donn\u00e9es dans ce dispositif, contactez-nous par mail <a href=\"mailto:contact@franceapi.fr\">contact@franceapi.fr<\/a>.<\/p><p>Si vous estimez, apr\u00e8s nous avoir contact\u00e9s, que vos droits ne sont pas respect\u00e9s, vous pouvez adresser une r\u00e9clamation \u00e0 la CNIL.<\/p>\t\t\t\t\t\t\t\t<\/div>\n\t\t\t\t<\/div>\n\t\t\t\t\t<\/div>\n\t\t<\/div>\n\t\t\t\t\t<\/div>\n\t\t<\/section>\n\t\t\t\t<\/div>\n\t\t","protected":false},"excerpt":{"rendered":"<p>Notice d&#8217;information sur la gestion de vos donn\u00e9es \u00e0 caract\u00e8re personnel France API est un \u00e9v\u00e9nement organis\u00e9 par ACCETAL et le API THINKING sous la responsabilit\u00e9 exclusive de la soci\u00e9t\u00e9 API Thinking.\u00a0 Responsable du traitement: Julien Bichon, soci\u00e9t\u00e9 API ThinkingSite web : https:\/\/www.franceapi.frEmail de contact : contact@franceapi.fr\u00a0Adresse : 4 chemin de la haute bruy\u00e8re, 44290&#8230;<\/p>\n","protected":false},"author":1,"featured_media":0,"parent":0,"menu_order":0,"comment_status":"closed","ping_status":"closed","template":"","meta":{"_uag_custom_page_level_css":"","_monsterinsights_skip_tracking":false,"_monsterinsights_sitenote_active":false,"_monsterinsights_sitenote_note":"","_monsterinsights_sitenote_category":0,"footnotes":""},"class_list":["post-28996","page","type-page","status-publish","hentry"],"yoast_head":"<!-- This site is optimized with the Yoast SEO plugin v27.4 - https:\/\/yoast.com\/product\/yoast-seo-wordpress\/ -->\n<title>Donn\u00e9es \u00e0 caract\u00e8re personnel | France API<\/title>\n<meta name=\"description\" content=\"Donn\u00e9es \u00e0 caract\u00e8re personnel du site France API. Ev\u00e9nement d\u00e9di\u00e9 aux APIs \u00e0 Paris co-cr\u00e9\u00e9 par Accetal et le Collectif API Thinking\" \/>\n<meta name=\"robots\" content=\"index, follow, max-snippet:-1, max-image-preview:large, max-video-preview:-1\" \/>\n<link rel=\"canonical\" href=\"https:\/\/wp1.franceapi.fr\/index.php\/donnees-a-caractere-personnel\/\" \/>\n<meta property=\"og:locale\" content=\"fr_FR\" \/>\n<meta property=\"og:type\" content=\"article\" \/>\n<meta property=\"og:title\" content=\"Donn\u00e9es \u00e0 caract\u00e8re personnel | France API\" \/>\n<meta property=\"og:description\" content=\"Donn\u00e9es \u00e0 caract\u00e8re personnel du site France API. Ev\u00e9nement d\u00e9di\u00e9 aux APIs \u00e0 Paris co-cr\u00e9\u00e9 par Accetal et le Collectif API Thinking\" \/>\n<meta property=\"og:url\" content=\"https:\/\/wp1.franceapi.fr\/index.php\/donnees-a-caractere-personnel\/\" \/>\n<meta property=\"og:site_name\" content=\"France API\" \/>\n<meta property=\"article:publisher\" content=\"https:\/\/www.facebook.com\/FranceAPIevent\/\" \/>\n<meta property=\"article:modified_time\" content=\"2025-05-07T06:45:05+00:00\" \/>\n<meta property=\"og:image\" content=\"https:\/\/franceapi.fr\/wp-content\/uploads\/elementor\/thumbs\/landscape-bg-1-pi498e9rf3zyc43yvw6txad9cphrx79e6zy8379868.jpg\" \/>\n<meta name=\"twitter:card\" content=\"summary_large_image\" \/>\n<meta name=\"twitter:site\" content=\"@FranceApi\" \/>\n<meta name=\"twitter:label1\" content=\"Dur\u00e9e de lecture estim\u00e9e\" \/>\n\t<meta name=\"twitter:data1\" content=\"3 minutes\" \/>\n<script type=\"application\/ld+json\" class=\"yoast-schema-graph\">{\"@context\":\"https:\\\/\\\/schema.org\",\"@graph\":[{\"@type\":\"WebPage\",\"@id\":\"https:\\\/\\\/wp1.franceapi.fr\\\/index.php\\\/donnees-a-caractere-personnel\\\/\",\"url\":\"https:\\\/\\\/wp1.franceapi.fr\\\/index.php\\\/donnees-a-caractere-personnel\\\/\",\"name\":\"Donn\u00e9es \u00e0 caract\u00e8re personnel | France API\",\"isPartOf\":{\"@id\":\"https:\\\/\\\/wp1.franceapi.fr\\\/#website\"},\"primaryImageOfPage\":{\"@id\":\"https:\\\/\\\/wp1.franceapi.fr\\\/index.php\\\/donnees-a-caractere-personnel\\\/#primaryimage\"},\"image\":{\"@id\":\"https:\\\/\\\/wp1.franceapi.fr\\\/index.php\\\/donnees-a-caractere-personnel\\\/#primaryimage\"},\"thumbnailUrl\":\"https:\\\/\\\/franceapi.fr\\\/wp-content\\\/uploads\\\/elementor\\\/thumbs\\\/landscape-bg-1-pi498e9rf3zyc43yvw6txad9cphrx79e6zy8379868.jpg\",\"datePublished\":\"2022-01-19T10:05:13+00:00\",\"dateModified\":\"2025-05-07T06:45:05+00:00\",\"description\":\"Donn\u00e9es \u00e0 caract\u00e8re personnel du site France API. Ev\u00e9nement d\u00e9di\u00e9 aux APIs \u00e0 Paris co-cr\u00e9\u00e9 par Accetal et le Collectif API Thinking\",\"breadcrumb\":{\"@id\":\"https:\\\/\\\/wp1.franceapi.fr\\\/index.php\\\/donnees-a-caractere-personnel\\\/#breadcrumb\"},\"inLanguage\":\"fr-FR\",\"potentialAction\":[{\"@type\":\"ReadAction\",\"target\":[\"https:\\\/\\\/wp1.franceapi.fr\\\/index.php\\\/donnees-a-caractere-personnel\\\/\"]}]},{\"@type\":\"ImageObject\",\"inLanguage\":\"fr-FR\",\"@id\":\"https:\\\/\\\/wp1.franceapi.fr\\\/index.php\\\/donnees-a-caractere-personnel\\\/#primaryimage\",\"url\":\"https:\\\/\\\/franceapi.fr\\\/wp-content\\\/uploads\\\/elementor\\\/thumbs\\\/landscape-bg-1-pi498e9rf3zyc43yvw6txad9cphrx79e6zy8379868.jpg\",\"contentUrl\":\"https:\\\/\\\/franceapi.fr\\\/wp-content\\\/uploads\\\/elementor\\\/thumbs\\\/landscape-bg-1-pi498e9rf3zyc43yvw6txad9cphrx79e6zy8379868.jpg\"},{\"@type\":\"BreadcrumbList\",\"@id\":\"https:\\\/\\\/wp1.franceapi.fr\\\/index.php\\\/donnees-a-caractere-personnel\\\/#breadcrumb\",\"itemListElement\":[{\"@type\":\"ListItem\",\"position\":1,\"name\":\"Accueil\",\"item\":\"https:\\\/\\\/wp1.franceapi.fr\\\/\"},{\"@type\":\"ListItem\",\"position\":2,\"name\":\"Donn\u00e9es \u00e0 caract\u00e8re personnel\"}]},{\"@type\":\"WebSite\",\"@id\":\"https:\\\/\\\/wp1.franceapi.fr\\\/#website\",\"url\":\"https:\\\/\\\/wp1.franceapi.fr\\\/\",\"name\":\"France API\",\"description\":\"Le 1er \u00e9v\u00e9nement fran\u00e7ais d\u00e9di\u00e9 aux APIs\",\"publisher\":{\"@id\":\"https:\\\/\\\/wp1.franceapi.fr\\\/#organization\"},\"potentialAction\":[{\"@type\":\"SearchAction\",\"target\":{\"@type\":\"EntryPoint\",\"urlTemplate\":\"https:\\\/\\\/wp1.franceapi.fr\\\/?s={search_term_string}\"},\"query-input\":{\"@type\":\"PropertyValueSpecification\",\"valueRequired\":true,\"valueName\":\"search_term_string\"}}],\"inLanguage\":\"fr-FR\"},{\"@type\":\"Organization\",\"@id\":\"https:\\\/\\\/wp1.franceapi.fr\\\/#organization\",\"name\":\"France API\",\"url\":\"https:\\\/\\\/wp1.franceapi.fr\\\/\",\"logo\":{\"@type\":\"ImageObject\",\"inLanguage\":\"fr-FR\",\"@id\":\"https:\\\/\\\/wp1.franceapi.fr\\\/#\\\/schema\\\/logo\\\/image\\\/\",\"url\":\"https:\\\/\\\/franceapi.fr\\\/wp-content\\\/uploads\\\/2022\\\/01\\\/logo_france_API_Plan_de_travail_1.png\",\"contentUrl\":\"https:\\\/\\\/franceapi.fr\\\/wp-content\\\/uploads\\\/2022\\\/01\\\/logo_france_API_Plan_de_travail_1.png\",\"width\":4961,\"height\":3508,\"caption\":\"France API\"},\"image\":{\"@id\":\"https:\\\/\\\/wp1.franceapi.fr\\\/#\\\/schema\\\/logo\\\/image\\\/\"},\"sameAs\":[\"https:\\\/\\\/www.facebook.com\\\/FranceAPIevent\\\/\",\"https:\\\/\\\/x.com\\\/FranceApi\",\"https:\\\/\\\/www.linkedin.com\\\/company\\\/franceapi\\\/\"]}]}<\/script>\n<!-- \/ Yoast SEO plugin. -->","yoast_head_json":{"title":"Donn\u00e9es \u00e0 caract\u00e8re personnel | France API","description":"Donn\u00e9es \u00e0 caract\u00e8re personnel du site France API. Ev\u00e9nement d\u00e9di\u00e9 aux APIs \u00e0 Paris co-cr\u00e9\u00e9 par Accetal et le Collectif API Thinking","robots":{"index":"index","follow":"follow","max-snippet":"max-snippet:-1","max-image-preview":"max-image-preview:large","max-video-preview":"max-video-preview:-1"},"canonical":"https:\/\/wp1.franceapi.fr\/index.php\/donnees-a-caractere-personnel\/","og_locale":"fr_FR","og_type":"article","og_title":"Donn\u00e9es \u00e0 caract\u00e8re personnel | France API","og_description":"Donn\u00e9es \u00e0 caract\u00e8re personnel du site France API. Ev\u00e9nement d\u00e9di\u00e9 aux APIs \u00e0 Paris co-cr\u00e9\u00e9 par Accetal et le Collectif API Thinking","og_url":"https:\/\/wp1.franceapi.fr\/index.php\/donnees-a-caractere-personnel\/","og_site_name":"France API","article_publisher":"https:\/\/www.facebook.com\/FranceAPIevent\/","article_modified_time":"2025-05-07T06:45:05+00:00","og_image":[{"url":"https:\/\/franceapi.fr\/wp-content\/uploads\/elementor\/thumbs\/landscape-bg-1-pi498e9rf3zyc43yvw6txad9cphrx79e6zy8379868.jpg","type":"","width":"","height":""}],"twitter_card":"summary_large_image","twitter_site":"@FranceApi","twitter_misc":{"Dur\u00e9e de lecture estim\u00e9e":"3 minutes"},"schema":{"@context":"https:\/\/schema.org","@graph":[{"@type":"WebPage","@id":"https:\/\/wp1.franceapi.fr\/index.php\/donnees-a-caractere-personnel\/","url":"https:\/\/wp1.franceapi.fr\/index.php\/donnees-a-caractere-personnel\/","name":"Donn\u00e9es \u00e0 caract\u00e8re personnel | France API","isPartOf":{"@id":"https:\/\/wp1.franceapi.fr\/#website"},"primaryImageOfPage":{"@id":"https:\/\/wp1.franceapi.fr\/index.php\/donnees-a-caractere-personnel\/#primaryimage"},"image":{"@id":"https:\/\/wp1.franceapi.fr\/index.php\/donnees-a-caractere-personnel\/#primaryimage"},"thumbnailUrl":"https:\/\/franceapi.fr\/wp-content\/uploads\/elementor\/thumbs\/landscape-bg-1-pi498e9rf3zyc43yvw6txad9cphrx79e6zy8379868.jpg","datePublished":"2022-01-19T10:05:13+00:00","dateModified":"2025-05-07T06:45:05+00:00","description":"Donn\u00e9es \u00e0 caract\u00e8re personnel du site France API. Ev\u00e9nement d\u00e9di\u00e9 aux APIs \u00e0 Paris co-cr\u00e9\u00e9 par Accetal et le Collectif API Thinking","breadcrumb":{"@id":"https:\/\/wp1.franceapi.fr\/index.php\/donnees-a-caractere-personnel\/#breadcrumb"},"inLanguage":"fr-FR","potentialAction":[{"@type":"ReadAction","target":["https:\/\/wp1.franceapi.fr\/index.php\/donnees-a-caractere-personnel\/"]}]},{"@type":"ImageObject","inLanguage":"fr-FR","@id":"https:\/\/wp1.franceapi.fr\/index.php\/donnees-a-caractere-personnel\/#primaryimage","url":"https:\/\/franceapi.fr\/wp-content\/uploads\/elementor\/thumbs\/landscape-bg-1-pi498e9rf3zyc43yvw6txad9cphrx79e6zy8379868.jpg","contentUrl":"https:\/\/franceapi.fr\/wp-content\/uploads\/elementor\/thumbs\/landscape-bg-1-pi498e9rf3zyc43yvw6txad9cphrx79e6zy8379868.jpg"},{"@type":"BreadcrumbList","@id":"https:\/\/wp1.franceapi.fr\/index.php\/donnees-a-caractere-personnel\/#breadcrumb","itemListElement":[{"@type":"ListItem","position":1,"name":"Accueil","item":"https:\/\/wp1.franceapi.fr\/"},{"@type":"ListItem","position":2,"name":"Donn\u00e9es \u00e0 caract\u00e8re personnel"}]},{"@type":"WebSite","@id":"https:\/\/wp1.franceapi.fr\/#website","url":"https:\/\/wp1.franceapi.fr\/","name":"France API","description":"Le 1er \u00e9v\u00e9nement fran\u00e7ais d\u00e9di\u00e9 aux APIs","publisher":{"@id":"https:\/\/wp1.franceapi.fr\/#organization"},"potentialAction":[{"@type":"SearchAction","target":{"@type":"EntryPoint","urlTemplate":"https:\/\/wp1.franceapi.fr\/?s={search_term_string}"},"query-input":{"@type":"PropertyValueSpecification","valueRequired":true,"valueName":"search_term_string"}}],"inLanguage":"fr-FR"},{"@type":"Organization","@id":"https:\/\/wp1.franceapi.fr\/#organization","name":"France API","url":"https:\/\/wp1.franceapi.fr\/","logo":{"@type":"ImageObject","inLanguage":"fr-FR","@id":"https:\/\/wp1.franceapi.fr\/#\/schema\/logo\/image\/","url":"https:\/\/franceapi.fr\/wp-content\/uploads\/2022\/01\/logo_france_API_Plan_de_travail_1.png","contentUrl":"https:\/\/franceapi.fr\/wp-content\/uploads\/2022\/01\/logo_france_API_Plan_de_travail_1.png","width":4961,"height":3508,"caption":"France API"},"image":{"@id":"https:\/\/wp1.franceapi.fr\/#\/schema\/logo\/image\/"},"sameAs":["https:\/\/www.facebook.com\/FranceAPIevent\/","https:\/\/x.com\/FranceApi","https:\/\/www.linkedin.com\/company\/franceapi\/"]}]}},"uagb_featured_image_src":{"full":false,"thumbnail":false,"medium":false,"medium_large":false,"large":false,"1536x1536":false,"2048x2048":false,"evenio_portfolio-slider":false,"evenio_portfolio-full-slider":false,"evenio_portfolios-slider":false,"evenio_blog-slider":false,"evenio_blog_long_height":false,"evenio_latest_blog_small":false,"evenio_latest_blog_medium":false,"evenio_image_slider_big":false,"evenio_blog-footer":false,"woocommerce_thumbnail":false,"woocommerce_single":false,"woocommerce_gallery_thumbnail":false},"uagb_author_info":{"display_name":"admin7799","author_link":"https:\/\/wp1.franceapi.fr\/index.php\/author\/admin7799\/"},"uagb_comment_info":0,"uagb_excerpt":"Notice d&#8217;information sur la gestion de vos donn\u00e9es \u00e0 caract\u00e8re personnel France API est un \u00e9v\u00e9nement organis\u00e9 par ACCETAL et le API THINKING sous la responsabilit\u00e9 exclusive de la soci\u00e9t\u00e9 API Thinking.\u00a0 Responsable du traitement: Julien Bichon, soci\u00e9t\u00e9 API ThinkingSite web : https:\/\/www.franceapi.frEmail de contact : contact@franceapi.fr\u00a0Adresse : 4 chemin de la haute bruy\u00e8re, 44290...","_links":{"self":[{"href":"https:\/\/wp1.franceapi.fr\/index.php\/wp-json\/wp\/v2\/pages\/28996","targetHints":{"allow":["GET"]}}],"collection":[{"href":"https:\/\/wp1.franceapi.fr\/index.php\/wp-json\/wp\/v2\/pages"}],"about":[{"href":"https:\/\/wp1.franceapi.fr\/index.php\/wp-json\/wp\/v2\/types\/page"}],"author":[{"embeddable":true,"href":"https:\/\/wp1.franceapi.fr\/index.php\/wp-json\/wp\/v2\/users\/1"}],"replies":[{"embeddable":true,"href":"https:\/\/wp1.franceapi.fr\/index.php\/wp-json\/wp\/v2\/comments?post=28996"}],"version-history":[{"count":49,"href":"https:\/\/wp1.franceapi.fr\/index.php\/wp-json\/wp\/v2\/pages\/28996\/revisions"}],"predecessor-version":[{"id":34210,"href":"https:\/\/wp1.franceapi.fr\/index.php\/wp-json\/wp\/v2\/pages\/28996\/revisions\/34210"}],"wp:attachment":[{"href":"https:\/\/wp1.franceapi.fr\/index.php\/wp-json\/wp\/v2\/media?parent=28996"}],"curies":[{"name":"wp","href":"https:\/\/api.w.org\/{rel}","templated":true}]}}