{"id":29003,"date":"2022-01-19T11:21:30","date_gmt":"2022-01-19T10:21:30","guid":{"rendered":"https:\/\/franceapi.fr\/?page_id=29003"},"modified":"2025-05-07T13:57:38","modified_gmt":"2025-05-07T11:57:38","slug":"mentions-legales","status":"publish","type":"page","link":"https:\/\/wp1.franceapi.fr\/index.php\/mentions-legales\/","title":{"rendered":"Mentions l\u00e9gales"},"content":{"rendered":"\t\t<div data-elementor-type=\"wp-page\" data-elementor-id=\"29003\" class=\"elementor elementor-29003\">\n\t\t\t\t\t\t<section class=\"elementor-section elementor-top-section elementor-element elementor-element-7c2a4ad elementor-section-boxed elementor-section-height-default elementor-section-height-default\" data-id=\"7c2a4ad\" data-element_type=\"section\" data-e-type=\"section\">\n\t\t\t\t\t\t<div class=\"elementor-container elementor-column-gap-default\">\n\t\t\t\t\t<div class=\"elementor-column elementor-col-100 elementor-top-column elementor-element elementor-element-be0a0b1\" data-id=\"be0a0b1\" data-element_type=\"column\" data-e-type=\"column\">\n\t\t\t<div class=\"elementor-widget-wrap elementor-element-populated\">\n\t\t\t\t\t\t<div class=\"elementor-element elementor-element-3aeb9f9 elementor-widget elementor-widget-text-editor\" data-id=\"3aeb9f9\" data-element_type=\"widget\" data-e-type=\"widget\" data-widget_type=\"text-editor.default\">\n\t\t\t\t<div class=\"elementor-widget-container\">\n\t\t\t\t\t\t\t\t\t<p class=\"\" data-start=\"311\" data-end=\"545\">Le site <strong data-start=\"319\" data-end=\"335\">Franceapi.fr<\/strong> est \u00e9dit\u00e9 par <strong data-start=\"354\" data-end=\"371\">Julien Bichon<\/strong><br data-start=\"371\" data-end=\"374\" \/>Contact : contact@franceapi.fr<br data-start=\"455\" data-end=\"458\" \/>Adresse : 11 rue Plisson 9410 Saint-Mand\u00e9<br data-start=\"497\" data-end=\"500\" \/>Num\u00e9ro SIRET : 914 131 206 000 15<\/p><h3 class=\"\" data-start=\"547\" data-end=\"566\"><strong data-start=\"551\" data-end=\"566\">H\u00e9bergement<\/strong><\/h3><p class=\"\" data-start=\"567\" data-end=\"693\">Le site est h\u00e9berg\u00e9 par : OVH SAS<br data-start=\"619\" data-end=\"622\" \/>Soci\u00e9t\u00e9 par Actions Simplifi\u00e9e au capital de 10 174 560 \u20ac<br data-start=\"224\" data-end=\"227\" \/>RCS Lille M\u00e9tropole 424 761 419 00045<br data-start=\"264\" data-end=\"267\" data-is-only-node=\"\" \/>Si\u00e8ge social : 2 rue Kellermann, 59100 Roubaix, France<br data-start=\"321\" data-end=\"324\" \/>T\u00e9l\u00e9phone : 1007 (appel gratuit depuis une ligne fixe en France)<\/p><h3 class=\"\" data-start=\"695\" data-end=\"727\"><strong data-start=\"699\" data-end=\"727\">Propri\u00e9t\u00e9 intellectuelle<\/strong><\/h3><p class=\"\" data-start=\"728\" data-end=\"1088\">L&#8217;ensemble du contenu pr\u00e9sent sur le site Franceapi.fr (textes, images, logos, etc.) est la propri\u00e9t\u00e9 exclusive de Julien Bichon, sauf mention contraire, et est prot\u00e9g\u00e9 par les lois en vigueur sur la propri\u00e9t\u00e9 intellectuelle.<br data-start=\"953\" data-end=\"956\" \/>Toute reproduction, repr\u00e9sentation, modification ou adaptation, en tout ou partie, est interdite sans autorisation \u00e9crite pr\u00e9alable.<\/p><h3 class=\"\" data-start=\"1090\" data-end=\"1112\"><strong data-start=\"1094\" data-end=\"1112\">Responsabilit\u00e9<\/strong><\/h3><p class=\"\" data-start=\"1113\" data-end=\"1408\">Franceapi.fr s&#8217;efforce de fournir des informations aussi pr\u00e9cises que possible. Toutefois, il ne saurait \u00eatre tenu responsable des omissions, des inexactitudes ou des carences dans la mise \u00e0 jour, qu&#8217;elles soient de son fait ou du fait des tiers partenaires qui lui fournissent ces informations.<\/p><h3 class=\"\" data-start=\"1410\" data-end=\"1438\"><strong data-start=\"1414\" data-end=\"1438\">Donn\u00e9es personnelles<\/strong><\/h3><p class=\"\" data-start=\"1439\" data-end=\"1810\">Conform\u00e9ment au R\u00e8glement G\u00e9n\u00e9ral sur la Protection des Donn\u00e9es (RGPD), toute collecte de donn\u00e9es personnelles via le site (formulaires de contact, inscriptions, etc.) est soumise \u00e0 votre consentement explicite. Vous pouvez \u00e0 tout moment demander l&#8217;acc\u00e8s, la rectification ou la suppression de vos donn\u00e9es personnelles en envoyant un email \u00e0 contact@franceapi.fr.<\/p>\t\t\t\t\t\t\t\t<\/div>\n\t\t\t\t<\/div>\n\t\t\t\t\t<\/div>\n\t\t<\/div>\n\t\t\t\t\t<\/div>\n\t\t<\/section>\n\t\t\t\t<\/div>\n\t\t","protected":false},"excerpt":{"rendered":"<p>Le site Franceapi.fr est \u00e9dit\u00e9 par Julien BichonContact : contact@franceapi.frAdresse : 11 rue Plisson 9410 Saint-Mand\u00e9Num\u00e9ro SIRET : 914 131 206 000 15 H\u00e9bergement Le site est h\u00e9berg\u00e9 par : OVH SASSoci\u00e9t\u00e9 par Actions Simplifi\u00e9e au capital de 10 174 560 \u20acRCS Lille M\u00e9tropole 424 761 419 00045Si\u00e8ge social : 2 rue Kellermann, 59100 Roubaix,&#8230;<\/p>\n","protected":false},"author":1,"featured_media":0,"parent":0,"menu_order":0,"comment_status":"closed","ping_status":"closed","template":"","meta":{"_uag_custom_page_level_css":"","_monsterinsights_skip_tracking":false,"_monsterinsights_sitenote_active":false,"_monsterinsights_sitenote_note":"","_monsterinsights_sitenote_category":0,"footnotes":""},"class_list":["post-29003","page","type-page","status-publish","hentry"],"yoast_head":"<!-- This site is optimized with the Yoast SEO plugin v27.4 - https:\/\/yoast.com\/product\/yoast-seo-wordpress\/ -->\n<title>Mentions l\u00e9gales | France API<\/title>\n<meta name=\"description\" content=\"Mentions l\u00e9gales du site France API, 1er \u00e9v\u00e9nement fran\u00e7ais d\u00e9di\u00e9s aux APIs. Cr\u00e9\u00e9 par Accetal et le collectif API Thinking.\" \/>\n<meta name=\"robots\" content=\"index, follow, max-snippet:-1, max-image-preview:large, max-video-preview:-1\" \/>\n<link rel=\"canonical\" href=\"https:\/\/wp1.franceapi.fr\/index.php\/mentions-legales\/\" \/>\n<meta property=\"og:locale\" content=\"fr_FR\" \/>\n<meta property=\"og:type\" content=\"article\" \/>\n<meta property=\"og:title\" content=\"Mentions l\u00e9gales | France API\" \/>\n<meta property=\"og:description\" content=\"Mentions l\u00e9gales du site France API, 1er \u00e9v\u00e9nement fran\u00e7ais d\u00e9di\u00e9s aux APIs. Cr\u00e9\u00e9 par Accetal et le collectif API Thinking.\" \/>\n<meta property=\"og:url\" content=\"https:\/\/wp1.franceapi.fr\/index.php\/mentions-legales\/\" \/>\n<meta property=\"og:site_name\" content=\"France API\" \/>\n<meta property=\"article:publisher\" content=\"https:\/\/www.facebook.com\/FranceAPIevent\/\" \/>\n<meta property=\"article:modified_time\" content=\"2025-05-07T11:57:38+00:00\" \/>\n<meta name=\"twitter:card\" content=\"summary_large_image\" \/>\n<meta name=\"twitter:site\" content=\"@FranceApi\" \/>\n<meta name=\"twitter:label1\" content=\"Dur\u00e9e de lecture estim\u00e9e\" \/>\n\t<meta name=\"twitter:data1\" content=\"1 minute\" \/>\n<script type=\"application\/ld+json\" class=\"yoast-schema-graph\">{\"@context\":\"https:\\\/\\\/schema.org\",\"@graph\":[{\"@type\":\"WebPage\",\"@id\":\"https:\\\/\\\/wp1.franceapi.fr\\\/index.php\\\/mentions-legales\\\/\",\"url\":\"https:\\\/\\\/wp1.franceapi.fr\\\/index.php\\\/mentions-legales\\\/\",\"name\":\"Mentions l\u00e9gales | France API\",\"isPartOf\":{\"@id\":\"https:\\\/\\\/wp1.franceapi.fr\\\/#website\"},\"datePublished\":\"2022-01-19T10:21:30+00:00\",\"dateModified\":\"2025-05-07T11:57:38+00:00\",\"description\":\"Mentions l\u00e9gales du site France API, 1er \u00e9v\u00e9nement fran\u00e7ais d\u00e9di\u00e9s aux APIs. Cr\u00e9\u00e9 par Accetal et le collectif API Thinking.\",\"breadcrumb\":{\"@id\":\"https:\\\/\\\/wp1.franceapi.fr\\\/index.php\\\/mentions-legales\\\/#breadcrumb\"},\"inLanguage\":\"fr-FR\",\"potentialAction\":[{\"@type\":\"ReadAction\",\"target\":[\"https:\\\/\\\/wp1.franceapi.fr\\\/index.php\\\/mentions-legales\\\/\"]}]},{\"@type\":\"BreadcrumbList\",\"@id\":\"https:\\\/\\\/wp1.franceapi.fr\\\/index.php\\\/mentions-legales\\\/#breadcrumb\",\"itemListElement\":[{\"@type\":\"ListItem\",\"position\":1,\"name\":\"Accueil\",\"item\":\"https:\\\/\\\/wp1.franceapi.fr\\\/\"},{\"@type\":\"ListItem\",\"position\":2,\"name\":\"Mentions l\u00e9gales\"}]},{\"@type\":\"WebSite\",\"@id\":\"https:\\\/\\\/wp1.franceapi.fr\\\/#website\",\"url\":\"https:\\\/\\\/wp1.franceapi.fr\\\/\",\"name\":\"France API\",\"description\":\"Le 1er \u00e9v\u00e9nement fran\u00e7ais d\u00e9di\u00e9 aux APIs\",\"publisher\":{\"@id\":\"https:\\\/\\\/wp1.franceapi.fr\\\/#organization\"},\"potentialAction\":[{\"@type\":\"SearchAction\",\"target\":{\"@type\":\"EntryPoint\",\"urlTemplate\":\"https:\\\/\\\/wp1.franceapi.fr\\\/?s={search_term_string}\"},\"query-input\":{\"@type\":\"PropertyValueSpecification\",\"valueRequired\":true,\"valueName\":\"search_term_string\"}}],\"inLanguage\":\"fr-FR\"},{\"@type\":\"Organization\",\"@id\":\"https:\\\/\\\/wp1.franceapi.fr\\\/#organization\",\"name\":\"France API\",\"url\":\"https:\\\/\\\/wp1.franceapi.fr\\\/\",\"logo\":{\"@type\":\"ImageObject\",\"inLanguage\":\"fr-FR\",\"@id\":\"https:\\\/\\\/wp1.franceapi.fr\\\/#\\\/schema\\\/logo\\\/image\\\/\",\"url\":\"https:\\\/\\\/franceapi.fr\\\/wp-content\\\/uploads\\\/2022\\\/01\\\/logo_france_API_Plan_de_travail_1.png\",\"contentUrl\":\"https:\\\/\\\/franceapi.fr\\\/wp-content\\\/uploads\\\/2022\\\/01\\\/logo_france_API_Plan_de_travail_1.png\",\"width\":4961,\"height\":3508,\"caption\":\"France API\"},\"image\":{\"@id\":\"https:\\\/\\\/wp1.franceapi.fr\\\/#\\\/schema\\\/logo\\\/image\\\/\"},\"sameAs\":[\"https:\\\/\\\/www.facebook.com\\\/FranceAPIevent\\\/\",\"https:\\\/\\\/x.com\\\/FranceApi\",\"https:\\\/\\\/www.linkedin.com\\\/company\\\/franceapi\\\/\"]}]}<\/script>\n<!-- \/ Yoast SEO plugin. -->","yoast_head_json":{"title":"Mentions l\u00e9gales | France API","description":"Mentions l\u00e9gales du site France API, 1er \u00e9v\u00e9nement fran\u00e7ais d\u00e9di\u00e9s aux APIs. Cr\u00e9\u00e9 par Accetal et le collectif API Thinking.","robots":{"index":"index","follow":"follow","max-snippet":"max-snippet:-1","max-image-preview":"max-image-preview:large","max-video-preview":"max-video-preview:-1"},"canonical":"https:\/\/wp1.franceapi.fr\/index.php\/mentions-legales\/","og_locale":"fr_FR","og_type":"article","og_title":"Mentions l\u00e9gales | France API","og_description":"Mentions l\u00e9gales du site France API, 1er \u00e9v\u00e9nement fran\u00e7ais d\u00e9di\u00e9s aux APIs. Cr\u00e9\u00e9 par Accetal et le collectif API Thinking.","og_url":"https:\/\/wp1.franceapi.fr\/index.php\/mentions-legales\/","og_site_name":"France API","article_publisher":"https:\/\/www.facebook.com\/FranceAPIevent\/","article_modified_time":"2025-05-07T11:57:38+00:00","twitter_card":"summary_large_image","twitter_site":"@FranceApi","twitter_misc":{"Dur\u00e9e de lecture estim\u00e9e":"1 minute"},"schema":{"@context":"https:\/\/schema.org","@graph":[{"@type":"WebPage","@id":"https:\/\/wp1.franceapi.fr\/index.php\/mentions-legales\/","url":"https:\/\/wp1.franceapi.fr\/index.php\/mentions-legales\/","name":"Mentions l\u00e9gales | France API","isPartOf":{"@id":"https:\/\/wp1.franceapi.fr\/#website"},"datePublished":"2022-01-19T10:21:30+00:00","dateModified":"2025-05-07T11:57:38+00:00","description":"Mentions l\u00e9gales du site France API, 1er \u00e9v\u00e9nement fran\u00e7ais d\u00e9di\u00e9s aux APIs. Cr\u00e9\u00e9 par Accetal et le collectif API Thinking.","breadcrumb":{"@id":"https:\/\/wp1.franceapi.fr\/index.php\/mentions-legales\/#breadcrumb"},"inLanguage":"fr-FR","potentialAction":[{"@type":"ReadAction","target":["https:\/\/wp1.franceapi.fr\/index.php\/mentions-legales\/"]}]},{"@type":"BreadcrumbList","@id":"https:\/\/wp1.franceapi.fr\/index.php\/mentions-legales\/#breadcrumb","itemListElement":[{"@type":"ListItem","position":1,"name":"Accueil","item":"https:\/\/wp1.franceapi.fr\/"},{"@type":"ListItem","position":2,"name":"Mentions l\u00e9gales"}]},{"@type":"WebSite","@id":"https:\/\/wp1.franceapi.fr\/#website","url":"https:\/\/wp1.franceapi.fr\/","name":"France API","description":"Le 1er \u00e9v\u00e9nement fran\u00e7ais d\u00e9di\u00e9 aux APIs","publisher":{"@id":"https:\/\/wp1.franceapi.fr\/#organization"},"potentialAction":[{"@type":"SearchAction","target":{"@type":"EntryPoint","urlTemplate":"https:\/\/wp1.franceapi.fr\/?s={search_term_string}"},"query-input":{"@type":"PropertyValueSpecification","valueRequired":true,"valueName":"search_term_string"}}],"inLanguage":"fr-FR"},{"@type":"Organization","@id":"https:\/\/wp1.franceapi.fr\/#organization","name":"France API","url":"https:\/\/wp1.franceapi.fr\/","logo":{"@type":"ImageObject","inLanguage":"fr-FR","@id":"https:\/\/wp1.franceapi.fr\/#\/schema\/logo\/image\/","url":"https:\/\/franceapi.fr\/wp-content\/uploads\/2022\/01\/logo_france_API_Plan_de_travail_1.png","contentUrl":"https:\/\/franceapi.fr\/wp-content\/uploads\/2022\/01\/logo_france_API_Plan_de_travail_1.png","width":4961,"height":3508,"caption":"France API"},"image":{"@id":"https:\/\/wp1.franceapi.fr\/#\/schema\/logo\/image\/"},"sameAs":["https:\/\/www.facebook.com\/FranceAPIevent\/","https:\/\/x.com\/FranceApi","https:\/\/www.linkedin.com\/company\/franceapi\/"]}]}},"uagb_featured_image_src":{"full":false,"thumbnail":false,"medium":false,"medium_large":false,"large":false,"1536x1536":false,"2048x2048":false,"evenio_portfolio-slider":false,"evenio_portfolio-full-slider":false,"evenio_portfolios-slider":false,"evenio_blog-slider":false,"evenio_blog_long_height":false,"evenio_latest_blog_small":false,"evenio_latest_blog_medium":false,"evenio_image_slider_big":false,"evenio_blog-footer":false,"woocommerce_thumbnail":false,"woocommerce_single":false,"woocommerce_gallery_thumbnail":false},"uagb_author_info":{"display_name":"admin7799","author_link":"https:\/\/wp1.franceapi.fr\/index.php\/author\/admin7799\/"},"uagb_comment_info":0,"uagb_excerpt":"Le site Franceapi.fr est \u00e9dit\u00e9 par Julien BichonContact : contact@franceapi.frAdresse : 11 rue Plisson 9410 Saint-Mand\u00e9Num\u00e9ro SIRET : 914 131 206 000 15 H\u00e9bergement Le site est h\u00e9berg\u00e9 par : OVH SASSoci\u00e9t\u00e9 par Actions Simplifi\u00e9e au capital de 10 174 560 \u20acRCS Lille M\u00e9tropole 424 761 419 00045Si\u00e8ge social : 2 rue Kellermann, 59100 Roubaix,...","_links":{"self":[{"href":"https:\/\/wp1.franceapi.fr\/index.php\/wp-json\/wp\/v2\/pages\/29003","targetHints":{"allow":["GET"]}}],"collection":[{"href":"https:\/\/wp1.franceapi.fr\/index.php\/wp-json\/wp\/v2\/pages"}],"about":[{"href":"https:\/\/wp1.franceapi.fr\/index.php\/wp-json\/wp\/v2\/types\/page"}],"author":[{"embeddable":true,"href":"https:\/\/wp1.franceapi.fr\/index.php\/wp-json\/wp\/v2\/users\/1"}],"replies":[{"embeddable":true,"href":"https:\/\/wp1.franceapi.fr\/index.php\/wp-json\/wp\/v2\/comments?post=29003"}],"version-history":[{"count":47,"href":"https:\/\/wp1.franceapi.fr\/index.php\/wp-json\/wp\/v2\/pages\/29003\/revisions"}],"predecessor-version":[{"id":34239,"href":"https:\/\/wp1.franceapi.fr\/index.php\/wp-json\/wp\/v2\/pages\/29003\/revisions\/34239"}],"wp:attachment":[{"href":"https:\/\/wp1.franceapi.fr\/index.php\/wp-json\/wp\/v2\/media?parent=29003"}],"curies":[{"name":"wp","href":"https:\/\/api.w.org\/{rel}","templated":true}]}}